{"id":1511,"date":"2025-08-13T08:21:27","date_gmt":"2025-08-13T06:21:27","guid":{"rendered":"http:\/\/grossmann.shytsee-projects.de\/imprint\/"},"modified":"2026-02-04T08:39:12","modified_gmt":"2026-02-04T07:39:12","slug":"imprint","status":"publish","type":"page","link":"https:\/\/www.grossmann-bau.de\/en\/imprint\/","title":{"rendered":"Imprint"},"content":{"rendered":"<section class=\"l-section wpb_row gmb-container gmb-imp-dsh gmb-link-s1 gmb-break-word external-link-icon height_custom width_custom\" style=\"--site-content-width:1080px;\"><div class=\"l-section-h i-cf\"><div class=\"g-cols vc_row via_grid cols_1 laptops-cols_inherit tablets-cols_inherit mobiles-cols_1 valign_top type_default\" style=\"--columns-gap:0px;\"><div class=\"wpb_column vc_column_container\"><div class=\"vc_column-inner\"><h1 class=\"w-text us_custom_0490361b\"><span class=\"w-text-h\"><span class=\"w-text-value\">Imprint<\/span><\/span><\/h1><div class=\"w-separator size_custom\" style=\"height:3rem\"><\/div><div class=\"wpb_text_column\"><div class=\"wpb_wrapper\"><p><strong>GROSSMANN Bau GmbH &amp; Co KG<\/strong><br \/>\n\u00c4u\u00dfere M\u00fcnchener Stra\u00dfe 20<br \/>\n83026 Rosenheim<\/p>\n<p>Commercial register: HRA 5469<br \/>\nRegister court: Traunstein Local Court<\/p>\n<\/div><\/div><div class=\"w-separator size_custom\" style=\"height:3rem\"><\/div><div class=\"wpb_text_column\"><div class=\"wpb_wrapper\"><p><strong>Represented by the personally liable partner:<\/strong><br \/>\nGROSSMANN Bau Verwaltungs GmbH<\/p>\n<p><strong>Managing Director:<\/strong><br \/>\nMr. Siegfried Huber or Mr. Matthias G\u00f6tz<\/p>\n<p>Commercial register: HRB 5818<br \/>\nRegister court: Traunstein District Court<\/p>\n<\/div><\/div><div class=\"w-separator size_custom\" style=\"height:3rem\"><\/div><div class=\"wpb_text_column\"><div class=\"wpb_wrapper\"><h5>Contact<\/h5>\n<p>Telephone: <a href=\"tel:+49803144010\">+49 (0)8031 4401-0<\/a><br \/>\nTelefax: +49 (0)8031 4401-99<br \/>\nE-mail: <a href=\"mailto:info@grossmann-bau.de\">info@grossmann-bau.de<\/a><\/p>\n<\/div><\/div><div class=\"w-separator size_custom\" style=\"height:3rem\"><\/div><div class=\"wpb_text_column\"><div class=\"wpb_wrapper\"><h5>Sales Tax<\/h5>\n<p>Sales tax identification number according to \u00a727 a sales tax law:<br \/>\nDE 131 157 216<\/p>\n<\/div><\/div><div class=\"w-separator size_custom\" style=\"height:3rem\"><\/div><div class=\"wpb_text_column\"><div class=\"wpb_wrapper\"><p>We are not willing or obliged to participate in dispute resolution proceedings before a consumer arbitration board.<\/p>\n<\/div><\/div><\/div><\/div><\/div><\/div><\/section>\n","protected":false},"excerpt":{"rendered":"ImprintGROSSMANN Bau GmbH &amp; Co KG \u00c4u\u00dfere M\u00fcnchener Stra\u00dfe 20 83026 Rosenheim Commercial register: HRA 5469 Register court: Traunstein Local Court Represented by the personally liable partner: GROSSMANN Bau Verwaltungs GmbH Managing Director: Mr. Siegfried Huber or Mr. Matthias G\u00f6tz Commercial register: HRB 5818 Register court: Traunstein District Court Contact Telephone: +49 (0)8031 4401-0 Telefax:...","protected":false},"author":1,"featured_media":0,"parent":0,"menu_order":20,"comment_status":"closed","ping_status":"closed","template":"","meta":{"_acf_changed":false,"inline_featured_image":false,"footnotes":""},"class_list":["post-1511","page","type-page","status-publish","hentry"],"acf":[],"_links":{"self":[{"href":"https:\/\/www.grossmann-bau.de\/en\/wp-json\/wp\/v2\/pages\/1511","targetHints":{"allow":["GET"]}}],"collection":[{"href":"https:\/\/www.grossmann-bau.de\/en\/wp-json\/wp\/v2\/pages"}],"about":[{"href":"https:\/\/www.grossmann-bau.de\/en\/wp-json\/wp\/v2\/types\/page"}],"author":[{"embeddable":true,"href":"https:\/\/www.grossmann-bau.de\/en\/wp-json\/wp\/v2\/users\/1"}],"replies":[{"embeddable":true,"href":"https:\/\/www.grossmann-bau.de\/en\/wp-json\/wp\/v2\/comments?post=1511"}],"version-history":[{"count":15,"href":"https:\/\/www.grossmann-bau.de\/en\/wp-json\/wp\/v2\/pages\/1511\/revisions"}],"predecessor-version":[{"id":3725,"href":"https:\/\/www.grossmann-bau.de\/en\/wp-json\/wp\/v2\/pages\/1511\/revisions\/3725"}],"wp:attachment":[{"href":"https:\/\/www.grossmann-bau.de\/en\/wp-json\/wp\/v2\/media?parent=1511"}],"curies":[{"name":"wp","href":"https:\/\/api.w.org\/{rel}","templated":true}]}}